{"id":7380,"date":"2024-10-14T12:50:57","date_gmt":"2024-10-14T12:50:57","guid":{"rendered":"https:\/\/alexkohvik.ee\/?page_id=7380"},"modified":"2025-04-28T10:44:47","modified_gmt":"2025-04-28T10:44:47","slug":"telli-catering","status":"publish","type":"page","link":"https:\/\/alexkohvik.ee\/ee\/telli-catering\/","title":{"rendered":"Telli catering"},"content":{"rendered":"\t\t<div data-elementor-type=\"wp-page\" data-elementor-id=\"7380\" class=\"elementor elementor-7380\" data-elementor-post-type=\"page\">\n\t\t\t\t<div class=\"elementor-element elementor-element-69196c1 e-flex e-con-boxed e-con e-child\" data-id=\"69196c1\" data-element_type=\"container\" data-e-type=\"container\" data-settings=\"{&quot;background_background&quot;:&quot;classic&quot;}\">\n\t\t\t\t\t<div class=\"e-con-inner\">\n\t\t<div class=\"elementor-element elementor-element-3ca2e07 e-con-full e-flex e-con e-child\" data-id=\"3ca2e07\" data-element_type=\"container\" data-e-type=\"container\">\n\t\t\t\t<div class=\"elementor-element elementor-element-82826f1 elementor-widget elementor-widget-heading\" data-id=\"82826f1\" data-element_type=\"widget\" data-e-type=\"widget\" data-widget_type=\"heading.default\">\n\t\t\t\t<div class=\"elementor-widget-container\">\n\t\t\t\t\t<h2 class=\"elementor-heading-title elementor-size-default\">Telli catering<\/h2>\t\t\t\t<\/div>\n\t\t\t\t<\/div>\n\t\t\t\t<div class=\"elementor-element elementor-element-8cfcf3c elementor-widget elementor-widget-heading\" data-id=\"8cfcf3c\" data-element_type=\"widget\" data-e-type=\"widget\" data-widget_type=\"heading.default\">\n\t\t\t\t<div class=\"elementor-widget-container\">\n\t\t\t\t\t<h2 class=\"elementor-heading-title elementor-size-default\">T\u00e4itke cateringu tellimusvormi ja me v\u00f5tame varsti teiega \u00fchendust!<\/h2>\t\t\t\t<\/div>\n\t\t\t\t<\/div>\n\t\t\t\t<div class=\"elementor-element elementor-element-14d2160 elementor-widget elementor-widget-heading\" data-id=\"14d2160\" data-element_type=\"widget\" data-e-type=\"widget\" data-widget_type=\"heading.default\">\n\t\t\t\t<div class=\"elementor-widget-container\">\n\t\t\t\t\t<h2 class=\"elementor-heading-title elementor-size-default\">Tellimused alates 250\u20ac<\/h2>\t\t\t\t<\/div>\n\t\t\t\t<\/div>\n\t\t\t\t<div class=\"elementor-element elementor-element-ce5ece2 elementor-widget__width-initial elementor-widget-mobile__width-initial elementor-widget elementor-widget-shortcode\" data-id=\"ce5ece2\" data-element_type=\"widget\" data-e-type=\"widget\" data-widget_type=\"shortcode.default\">\n\t\t\t\t<div class=\"elementor-widget-container\">\n\t\t\t\t\t\t\t<div class=\"elementor-shortcode\">\n<div class=\"wpcf7 no-js\" id=\"wpcf7-f3670-o1\" lang=\"en-US\" dir=\"ltr\" data-wpcf7-id=\"3670\">\n<div class=\"screen-reader-response\"><p role=\"status\" aria-live=\"polite\" aria-atomic=\"true\"><\/p> <ul><\/ul><\/div>\n<form action=\"\/ee\/wp-json\/wp\/v2\/pages\/7380#wpcf7-f3670-o1\" method=\"post\" class=\"wpcf7-form init\" aria-label=\"Contact form\" novalidate=\"novalidate\" data-status=\"init\">\n<fieldset class=\"hidden-fields-container\"><input type=\"hidden\" name=\"_wpcf7\" value=\"3670\" \/><input type=\"hidden\" name=\"_wpcf7_version\" value=\"6.1.6\" \/><input type=\"hidden\" name=\"_wpcf7_locale\" value=\"en_US\" \/><input type=\"hidden\" name=\"_wpcf7_unit_tag\" value=\"wpcf7-f3670-o1\" \/><input type=\"hidden\" name=\"_wpcf7_container_post\" value=\"0\" \/><input type=\"hidden\" name=\"_wpcf7_posted_data_hash\" value=\"\" \/>\n<\/fieldset>\n<p class=\"center\"><br \/>\n<label class=\"mr-20\"><span class=\"wpcf7-form-control-wrap\" data-name=\"text-415\"><input size=\"40\" maxlength=\"400\" class=\"wpcf7-form-control wpcf7-text wpcf7-validates-as-required Nimi\" id=\"text-415\" aria-required=\"true\" aria-invalid=\"false\" placeholder=\"Nimi\" value=\"\" type=\"text\" name=\"text-415\" \/><\/span><\/label><label><span class=\"wpcf7-form-control-wrap\" data-name=\"email-844\"><input size=\"40\" maxlength=\"400\" class=\"wpcf7-form-control wpcf7-email wpcf7-validates-as-required wpcf7-text wpcf7-validates-as-email aadress\" id=\"email-844\" aria-required=\"true\" aria-invalid=\"false\" placeholder=\"E-posti aadress\" value=\"\" type=\"email\" name=\"email-844\" \/><\/span><\/label>\n<\/p>\n<p style=\"width: 100%; margin-bottom: 1.8rem;\"><span class=\"wpcf7-form-control-wrap\" data-name=\"organization-name\"><input size=\"40\" maxlength=\"400\" class=\"wpcf7-form-control wpcf7-text wpcf7-validates-as-required\" aria-required=\"true\" aria-invalid=\"false\" placeholder=\"Organisatsiooni nimi\" value=\"\" type=\"text\" name=\"organization-name\" \/><\/span>\n<\/p>\n<p class=\"center\"><br \/>\n<label class=\"mr-20\"><span class=\"wpcf7-form-control-wrap\" data-name=\"tel-65\"><input size=\"40\" maxlength=\"400\" class=\"wpcf7-form-control wpcf7-tel wpcf7-validates-as-required wpcf7-text wpcf7-validates-as-tel Telefon\" id=\"tel-65\" aria-required=\"true\" aria-invalid=\"false\" placeholder=\"Telefon\" value=\"\" type=\"tel\" name=\"tel-65\" \/><\/span><\/label><label><span class=\"wpcf7-form-control-wrap\" data-name=\"text-799\"><input size=\"40\" maxlength=\"400\" class=\"wpcf7-form-control wpcf7-text wpcf7-validates-as-required asukoht\" id=\"text-799\" aria-required=\"true\" aria-invalid=\"false\" placeholder=\"S\u00fcndmuse asukoht\" value=\"\" type=\"text\" name=\"text-799\" \/><\/span><\/label>\n<\/p>\n<p class=\"center\"><br \/>\n<label class=\"mr-20\"><span class=\"wpcf7-form-control-wrap\" data-name=\"text-274\"><input size=\"40\" maxlength=\"400\" class=\"wpcf7-form-control wpcf7-text wpcf7-validates-as-required kuupev\" id=\"text-274\" aria-required=\"true\" aria-invalid=\"false\" placeholder=\"S\u00fcndmuse kuup\u00e4ev\" value=\"\" type=\"text\" name=\"text-274\" \/><\/span><\/label><label><span class=\"wpcf7-form-control-wrap\" data-name=\"text-529\"><input size=\"40\" maxlength=\"400\" class=\"wpcf7-form-control wpcf7-text wpcf7-validates-as-required\" id=\"text-529\" aria-required=\"true\" aria-invalid=\"false\" placeholder=\"Inimeste arv\" value=\"\" type=\"text\" name=\"text-529\" \/><\/span><\/label>\n<\/p>\n<p class=\"center\"><br \/>\n<label class=\"center-label mr-20\"><span class=\"icon-placeholder\"><img decoding=\"async\" src=\"https:\/\/alexkohvik.ee\/wp-content\/uploads\/2024\/07\/Group-11.png\" alt=\"Icon\" \/><\/span><span class=\"wpcf7-form-control-wrap\" data-name=\"text-18\"><input size=\"40\" maxlength=\"400\" class=\"wpcf7-form-control wpcf7-text\" id=\"text-18\" aria-invalid=\"false\" placeholder=\"12:00\" value=\"\" type=\"text\" name=\"text-18\" \/><\/span><\/label><br \/>\n<label class=\"center-label\"><span class=\"icon-placeholder\"><img decoding=\"async\" src=\"https:\/\/alexkohvik.ee\/wp-content\/uploads\/2024\/07\/Group-11.png\" alt=\"Icon\" \/><\/span><span class=\"wpcf7-form-control-wrap\" data-name=\"text-250\"><input size=\"40\" maxlength=\"400\" class=\"wpcf7-form-control wpcf7-text number-two\" id=\"text-250\" aria-invalid=\"false\" placeholder=\"15:00\" value=\"\" type=\"text\" name=\"text-250\" \/><\/span><\/label>\n<\/p>\n<p class=\"center-textarea\"><br \/>\n<span class=\"wpcf7-form-control-wrap\" data-name=\"textarea-774\"><textarea cols=\"40\" rows=\"10\" maxlength=\"2000\" class=\"wpcf7-form-control wpcf7-textarea wpcf7-validates-as-required\" id=\"textarea-774\" aria-required=\"true\" aria-invalid=\"false\" placeholder=\"Lisainfo \/ Kirjeldus\" name=\"textarea-774\"><\/textarea><\/span>\n<\/p>\n<p class=\"text-form\">S\u00fcndmuse formaat\n<\/p>\n<p class=\"start cf7-square-border\"><span class=\"wpcf7-form-control-wrap\" data-name=\"radio-633\"><span class=\"wpcf7-form-control wpcf7-radio\" id=\"radio-633\"><span class=\"wpcf7-list-item first\"><label><input type=\"radio\" name=\"radio-633\" value=\"S\u00fcnnip\u00e4ev\" checked=\"checked\" \/><span class=\"wpcf7-list-item-label\">S\u00fcnnip\u00e4ev<\/span><\/label><\/span><span class=\"wpcf7-list-item\"><label><input type=\"radio\" name=\"radio-633\" value=\"Seminar \/ Konverents\" \/><span class=\"wpcf7-list-item-label\">Seminar \/ Konverents<\/span><\/label><\/span><span class=\"wpcf7-list-item\"><label><input type=\"radio\" name=\"radio-633\" value=\"Firma\u00fcritus\" \/><span class=\"wpcf7-list-item-label\">Firma\u00fcritus<\/span><\/label><\/span><span class=\"wpcf7-list-item\"><label><input type=\"radio\" name=\"radio-633\" value=\"Bankett \/ Vastuv\u00f5tt\" \/><span class=\"wpcf7-list-item-label\">Bankett \/ Vastuv\u00f5tt<\/span><\/label><\/span><span class=\"wpcf7-list-item\"><label><input type=\"radio\" name=\"radio-633\" value=\"Spordi\u00fcritus\" \/><span class=\"wpcf7-list-item-label\">Spordi\u00fcritus<\/span><\/label><\/span><span class=\"wpcf7-list-item last\"><label><input type=\"radio\" name=\"radio-633\" value=\"Kohvipaus\" \/><span class=\"wpcf7-list-item-label\">Kohvipaus<\/span><\/label><\/span><\/span><\/span>\n<\/p>\n<p class=\"text-form\">Erisoovid toidu osas\n<\/p>\n<style>\n .flex-container {\n display: flex; \/* \u0423\u0441\u0442\u0430\u043d\u0430\u0432\u043b\u0438\u0432\u0430\u0435\u0442 \u0444\u043b\u0435\u043a\u0441-\u043a\u043e\u043d\u0442\u0435\u0439\u043d\u0435\u0440 *\/\n flex-wrap: wrap; \/* \u041f\u043e\u0437\u0432\u043e\u043b\u044f\u0435\u0442 \u044d\u043b\u0435\u043c\u0435\u043d\u0442\u0430\u043c \u043f\u0435\u0440\u0435\u043d\u043e\u0441\u0438\u0442\u044c\u0441\u044f \u043d\u0430 \u043d\u043e\u0432\u0443\u044e \u0441\u0442\u0440\u043e\u043a\u0443, \u0435\u0441\u043b\u0438 \u043d\u0435 \u0445\u0432\u0430\u0442\u0430\u0435\u0442 \u043c\u0435\u0441\u0442\u0430 *\/\n gap: 20px; \/* \u0414\u043e\u0431\u0430\u0432\u043b\u044f\u0435\u0442 \u043e\u0442\u0441\u0442\u0443\u043f \u043c\u0435\u0436\u0434\u0443 \u044d\u043b\u0435\u043c\u0435\u043d\u0442\u0430\u043c\u0438 *\/\n }\n.diet-option:hover {\n color: white; \/* \u0426\u0432\u0435\u0442 \u0442\u0435\u043a\u0441\u0442\u0430 \u043f\u0440\u0438 \u043d\u0430\u0432\u0435\u0434\u0435\u043d\u0438\u0438 *\/\n }\n .start {\n flex: 1 1 auto; \/* \u041f\u043e\u0437\u0432\u043e\u043b\u044f\u0435\u0442 \u044d\u043b\u0435\u043c\u0435\u043d\u0442\u0430\u043c \u0440\u0430\u0441\u0448\u0438\u0440\u044f\u0442\u044c\u0441\u044f *\/\n }\n<\/style>\n<div class=\"flex-container\">\n\t<p class=\"start cf7-square-border\"><br \/>\n<label class=\"diet-option\"><br \/>\n<span class=\"wpcf7-form-control-wrap\" data-name=\"checkbox-110\"><span class=\"wpcf7-form-control wpcf7-checkbox label-checkbox\"><span class=\"wpcf7-list-item first last\"><label><input type=\"checkbox\" name=\"checkbox-110[]\" value=\"Taimetoit\" \/><span class=\"wpcf7-list-item-label\">Taimetoit<\/span><\/label><\/span><\/span><\/span> <span class=\"info-icon\" title=\"Ilma liha, kala ja linnulihata\">Ilma liha, kala ja linnulihata<\/span><br \/>\n<span class=\"wpcf7-form-control-wrap\" data-name=\"vegetarian-portions\"><input class=\"wpcf7-form-control wpcf7-number wpcf7-validates-as-number portion-input\" min=\"0\" aria-invalid=\"false\" placeholder=\"Portsjonite arv\" value=\"\" type=\"number\" name=\"vegetarian-portions\" \/><\/span><br \/>\n<\/label>\n\t<\/p>\n\t<p class=\"start cf7-square-border\"><br \/>\n<label class=\"diet-option\"><br \/>\n<span class=\"wpcf7-form-control-wrap\" data-name=\"checkbox-111\"><span class=\"wpcf7-form-control wpcf7-checkbox label-checkbox\"><span class=\"wpcf7-list-item first last\"><label><input type=\"checkbox\" name=\"checkbox-111[]\" value=\"Laktoosivaba\" \/><span class=\"wpcf7-list-item-label\">Laktoosivaba<\/span><\/label><\/span><\/span><\/span><span class=\"info-icon\" title=\"Ilma piimatoodeteta.\">Ilma piimatoodeteta<\/span><br \/>\n<span class=\"wpcf7-form-control-wrap\" data-name=\"lactosefree-portions\"><input class=\"wpcf7-form-control wpcf7-number wpcf7-validates-as-number portion-input\" min=\"0\" aria-invalid=\"false\" placeholder=\"Portsjonite arv\" value=\"\" type=\"number\" name=\"lactosefree-portions\" \/><\/span><br \/>\n<\/label>\n\t<\/p>\n\t<p class=\"start cf7-square-border\"><br \/>\n<label class=\"diet-option\"><br \/>\n<span class=\"wpcf7-form-control-wrap\" data-name=\"checkbox-112\"><span class=\"wpcf7-form-control wpcf7-checkbox label-checkbox\"><span class=\"wpcf7-list-item first last\"><label><input type=\"checkbox\" name=\"checkbox-112[]\" value=\"Gluteenivaba\" \/><span class=\"wpcf7-list-item-label\">Gluteenivaba<\/span><\/label><\/span><\/span><\/span><span class=\"info-icon\" title=\"Ilma gluteeni sisaldavate toodeteta.\">Ilma gluteeni sisaldavate toodeteta<\/span><br \/>\n<span class=\"wpcf7-form-control-wrap\" data-name=\"glutenfree-portions\"><input class=\"wpcf7-form-control wpcf7-number wpcf7-validates-as-number portion-input\" min=\"0\" aria-invalid=\"false\" placeholder=\"Portsjonite arv\" value=\"\" type=\"number\" name=\"glutenfree-portions\" \/><\/span><br \/>\n<\/label>\n\t<\/p>\n\t<p class=\"start cf7-square-border\"><br \/>\n<label class=\"diet-option\"><br \/>\n<span class=\"wpcf7-form-control-wrap\" data-name=\"checkbox-113\"><span class=\"wpcf7-form-control wpcf7-checkbox label-checkbox\"><span class=\"wpcf7-list-item first last\"><label><input type=\"checkbox\" name=\"checkbox-113[]\" value=\"Vegan\" \/><span class=\"wpcf7-list-item-label\">Vegan<\/span><\/label><\/span><\/span><\/span> <span class=\"info-icon\" title=\"Ilma loomse p\u00e4ritoluga toodeteta.\">Ilma loomse p\u00e4ritoluga toodeteta<\/span><br \/>\n<span class=\"wpcf7-form-control-wrap\" data-name=\"vegan-portions\"><input class=\"wpcf7-form-control wpcf7-number wpcf7-validates-as-number portion-input\" min=\"0\" aria-invalid=\"false\" placeholder=\"Portsjonite arv\" value=\"\" type=\"number\" name=\"vegan-portions\" \/><\/span><br \/>\n<\/label>\n\t<\/p>\n<\/div>\n<p class=\"text-form\">Lauad ja katmine\n<\/p>\n<p class=\"start cf7-square-border\"><span class=\"wpcf7-form-control-wrap\" data-name=\"checkbox-426\"><span class=\"wpcf7-form-control wpcf7-checkbox checkbox\" id=\"checkbox-426\"><span class=\"wpcf7-list-item first\"><label><input type=\"checkbox\" name=\"checkbox-426[]\" value=\"Pukklauad\" \/><span class=\"wpcf7-list-item-label\">Pukklauad<\/span><\/label><\/span><span class=\"wpcf7-list-item\"><label><input type=\"checkbox\" name=\"checkbox-426[]\" value=\"\u00dcmmargused lauad 180cm\" \/><span class=\"wpcf7-list-item-label\">\u00dcmmargused lauad 180cm<\/span><\/label><\/span><span class=\"wpcf7-list-item last\"><label><input type=\"checkbox\" name=\"checkbox-426[]\" value=\"Serveerimislauad 180\u00d760cm\" \/><span class=\"wpcf7-list-item-label\">Serveerimislauad 180\u00d760cm<\/span><\/label><\/span><\/span><\/span>\n<\/p>\n<p class=\"text-form\">Toidusoovid\n<\/p>\n<p class=\"start cf7-square-border\"><span class=\"wpcf7-form-control-wrap\" data-name=\"checkbox-712\"><span class=\"wpcf7-form-control wpcf7-checkbox inventar\" id=\"checkbox-712\"><span class=\"wpcf7-list-item first\"><label><input type=\"checkbox\" name=\"checkbox-712[]\" value=\"Suupisted\" \/><span class=\"wpcf7-list-item-label\">Suupisted<\/span><\/label><\/span><span class=\"wpcf7-list-item\"><label><input type=\"checkbox\" name=\"checkbox-712[]\" value=\"Salatid\" \/><span class=\"wpcf7-list-item-label\">Salatid<\/span><\/label><\/span><span class=\"wpcf7-list-item\"><label><input type=\"checkbox\" name=\"checkbox-712[]\" value=\"Soojad toidud\" \/><span class=\"wpcf7-list-item-label\">Soojad toidud<\/span><\/label><\/span><span class=\"wpcf7-list-item\"><label><input type=\"checkbox\" name=\"checkbox-712[]\" value=\"Magustoidud\" \/><span class=\"wpcf7-list-item-label\">Magustoidud<\/span><\/label><\/span><span class=\"wpcf7-list-item\"><label><input type=\"checkbox\" name=\"checkbox-712[]\" value=\"Joogid\" \/><span class=\"wpcf7-list-item-label\">Joogid<\/span><\/label><\/span><span class=\"wpcf7-list-item last\"><label><input type=\"checkbox\" name=\"checkbox-712[]\" value=\"Alkohol\" \/><span class=\"wpcf7-list-item-label\">Alkohol<\/span><\/label><\/span><\/span><\/span>\n<\/p>\n<p class=\"text-form\">Teenindus\n<\/p>\n<p class=\"start cf7-square-border\"><span class=\"wpcf7-form-control-wrap\" data-name=\"radio-713\"><span class=\"wpcf7-form-control wpcf7-radio inventar\" id=\"radio-713\"><span class=\"wpcf7-list-item first\"><label><input type=\"radio\" name=\"radio-713\" value=\"Ei soovi\" checked=\"checked\" \/><span class=\"wpcf7-list-item-label\">Ei soovi<\/span><\/label><\/span><span class=\"wpcf7-list-item last\"><label><input type=\"radio\" name=\"radio-713\" value=\"Soovin (v\u00f5tame \u00fchendust)\" \/><span class=\"wpcf7-list-item-label\">Soovin (v\u00f5tame \u00fchendust)<\/span><\/label><\/span><\/span><\/span>\n<\/p>\n<hr class=\"horizontal-line\" \/>\n<p class=\"center pb-150\"><br \/>\n<span class=\"ico-wrap\"><input class=\"wpcf7-form-control wpcf7-submit has-spinner button-form\" id=\"button\" type=\"submit\" value=\"Saada p\u00e4ring\" \/><\/span>\n<\/p><div class=\"wpcf7-response-output\" aria-hidden=\"true\"><\/div>\n<\/form>\n<\/div>\n<\/div>\n\t\t\t\t\t\t<\/div>\n\t\t\t\t<\/div>\n\t\t\t\t<\/div>\n\t\t\t\t\t<\/div>\n\t\t\t\t<\/div>\n\t\t\t\t<\/div>\n\t\t","protected":false},"excerpt":{"rendered":"<p>Telli catering T\u00e4itke cateringu tellimusvormi ja me v\u00f5tame varsti teiega \u00fchendust! Tellimused alates 250\u20ac<\/p>\n","protected":false},"author":1,"featured_media":0,"parent":0,"menu_order":0,"comment_status":"closed","ping_status":"closed","template":"elementor_header_footer","meta":{"footnotes":""},"class_list":["post-7380","page","type-page","status-publish","hentry"],"aioseo_notices":[],"_links":{"self":[{"href":"https:\/\/alexkohvik.ee\/ee\/wp-json\/wp\/v2\/pages\/7380","targetHints":{"allow":["GET"]}}],"collection":[{"href":"https:\/\/alexkohvik.ee\/ee\/wp-json\/wp\/v2\/pages"}],"about":[{"href":"https:\/\/alexkohvik.ee\/ee\/wp-json\/wp\/v2\/types\/page"}],"author":[{"embeddable":true,"href":"https:\/\/alexkohvik.ee\/ee\/wp-json\/wp\/v2\/users\/1"}],"replies":[{"embeddable":true,"href":"https:\/\/alexkohvik.ee\/ee\/wp-json\/wp\/v2\/comments?post=7380"}],"version-history":[{"count":343,"href":"https:\/\/alexkohvik.ee\/ee\/wp-json\/wp\/v2\/pages\/7380\/revisions"}],"predecessor-version":[{"id":10254,"href":"https:\/\/alexkohvik.ee\/ee\/wp-json\/wp\/v2\/pages\/7380\/revisions\/10254"}],"wp:attachment":[{"href":"https:\/\/alexkohvik.ee\/ee\/wp-json\/wp\/v2\/media?parent=7380"}],"curies":[{"name":"wp","href":"https:\/\/api.w.org\/{rel}","templated":true}]}}